{"id":2611,"date":"2024-03-01T15:20:24","date_gmt":"2024-03-01T14:20:24","guid":{"rendered":"http:\/\/veroniquebunner.immo\/?page_id=2611"},"modified":"2024-03-01T15:29:20","modified_gmt":"2024-03-01T14:29:20","slug":"visite-virtuelle-veronique-bunner","status":"publish","type":"page","link":"https:\/\/veroniquebunner.immo\/?page_id=2611","title":{"rendered":"Formulaire Visite Virtuelle"},"content":{"rendered":"<div class=\"fusion-fullwidth fullwidth-box fusion-builder-row-1 fusion-flex-container nonhundred-percent-fullwidth non-hundred-percent-height-scrolling\" style=\"--awb-border-radius-top-left:0px;--awb-border-radius-top-right:0px;--awb-border-radius-bottom-right:0px;--awb-border-radius-bottom-left:0px;--awb-padding-top:0px;--awb-padding-right-medium:20px;--awb-padding-bottom-medium:40px;--awb-padding-left-medium:20px;--awb-padding-right-small:20px;--awb-padding-bottom-small:24px;--awb-padding-left-small:20px;--awb-margin-top:-24px;--awb-background-image:linear-gradient(180deg, var(--awb-color4) 50%,var(--awb-color1) 50%);--awb-flex-wrap:wrap;\" ><div class=\"fusion-builder-row fusion-row fusion-flex-align-items-flex-start fusion-flex-justify-content-center fusion-flex-content-wrap\" style=\"max-width:1310.4px;margin-left: calc(-4% \/ 2 );margin-right: calc(-4% \/ 2 );\"><div class=\"fusion-layout-column fusion_builder_column fusion-builder-column-0 fusion_builder_column_2_3 2_3 fusion-flex-column\" style=\"--awb-padding-top:36px;--awb-padding-right:24px;--awb-padding-bottom:30px;--awb-padding-left:24px;--awb-padding-top-small:20px;--awb-padding-right-small:0px;--awb-padding-bottom-small:40px;--awb-padding-left-small:0px;--awb-overflow:hidden;--awb-bg-color:var(--awb-color1);--awb-bg-color-hover:var(--awb-color1);--awb-bg-size:cover;--awb-box-shadow:0px 12px 32px -4px hsla(var(--awb-color8-h),var(--awb-color8-s),var(--awb-color8-l),calc( var(--awb-color8-a) - 90% ));;--awb-border-color:hsla(var(--awb-color8-h),var(--awb-color8-s),var(--awb-color8-l),calc( var(--awb-color8-a) - 92% ));--awb-border-bottom:1px;--awb-border-style:solid;--awb-border-radius:12px 12px 12px 12px;--awb-width-large:66.666666666667%;--awb-margin-top-large:0px;--awb-spacing-right-large:20px;--awb-margin-bottom-large:20px;--awb-spacing-left-large:20px;--awb-width-medium:80%;--awb-order-medium:0;--awb-margin-top-medium:0px;--awb-spacing-right-medium:10px;--awb-margin-bottom-medium:10px;--awb-spacing-left-medium:10px;--awb-width-small:100%;--awb-order-small:0;--awb-spacing-right-small:1.92%;--awb-spacing-left-small:1.92%;\"><div class=\"fusion-column-wrapper fusion-column-has-shadow fusion-flex-justify-content-flex-start fusion-content-layout-column\"><div class=\"fusion-form fusion-form-builder fusion-form-form-wrapper fusion-form-2619\" style=\"--awb-tooltip-text-color:#ffffff;--awb-tooltip-background-color:#333333;\" data-form-id=\"2619\" data-config=\"{&quot;form_id&quot;:&quot;2619&quot;,&quot;form_post_id&quot;:&quot;2619&quot;,&quot;post_id&quot;:2611,&quot;form_type&quot;:&quot;ajax&quot;,&quot;confirmation_type&quot;:&quot;message&quot;,&quot;redirect_url&quot;:&quot;&quot;,&quot;field_labels&quot;:{&quot;name&quot;:&quot;Nom&quot;,&quot;phone&quot;:&quot;T\\u00e9l\\u00e9phone&quot;,&quot;email-address&quot;:&quot;Adresse Email&quot;,&quot;subject&quot;:&quot;Plus de d\\u00e9tails \\u00e0 donner ?&quot;,&quot;message&quot;:&quot;Expliquez nous votre demande&quot;},&quot;field_logics&quot;:{&quot;name&quot;:&quot;&quot;,&quot;phone&quot;:&quot;&quot;,&quot;email-address&quot;:&quot;&quot;,&quot;subject&quot;:&quot;&quot;,&quot;message&quot;:&quot;&quot;,&quot;notice_1&quot;:&quot;&quot;},&quot;field_types&quot;:{&quot;name&quot;:&quot;text&quot;,&quot;phone&quot;:&quot;phone_number&quot;,&quot;email-address&quot;:&quot;email&quot;,&quot;subject&quot;:&quot;text&quot;,&quot;message&quot;:&quot;textarea&quot;,&quot;submit_1&quot;:&quot;submit&quot;,&quot;notice_1&quot;:&quot;notice&quot;},&quot;nonce_method&quot;:&quot;ajax&quot;}\"><form action=\"https:\/\/veroniquebunner.immo\/?page_id=2611\" method=\"post\" class=\"fusion-form fusion-form-2619\"><div class=\"fusion-fullwidth fullwidth-box fusion-builder-row-1-1 fusion-flex-container nonhundred-percent-fullwidth non-hundred-percent-height-scrolling\" style=\"--awb-border-radius-top-left:0px;--awb-border-radius-top-right:0px;--awb-border-radius-bottom-right:0px;--awb-border-radius-bottom-left:0px;--awb-padding-top:0px;--awb-padding-bottom:0px;--awb-flex-wrap:wrap;\" ><div class=\"fusion-builder-row fusion-row fusion-flex-align-items-flex-start fusion-flex-content-wrap\" style=\"width:104% !important;max-width:104% !important;margin-left: calc(-4% \/ 2 );margin-right: calc(-4% \/ 2 );\"><div class=\"fusion-layout-column fusion_builder_column fusion-builder-column-1 fusion_builder_column_1_2 1_2 fusion-flex-column\" style=\"--awb-bg-size:cover;--awb-width-large:50%;--awb-margin-top-large:0px;--awb-spacing-right-large:3.84%;--awb-margin-bottom-large:0px;--awb-spacing-left-large:3.84%;--awb-width-medium:50%;--awb-order-medium:0;--awb-spacing-right-medium:3.84%;--awb-spacing-left-medium:3.84%;--awb-width-small:100%;--awb-order-small:0;--awb-spacing-right-small:1.92%;--awb-spacing-left-small:1.92%;\"><div class=\"fusion-column-wrapper fusion-column-has-shadow fusion-flex-justify-content-flex-start fusion-content-layout-column\"><div class=\"fusion-form-field fusion-form-text-field fusion-form-label-above\" style=\"\" data-form-id=\"2619\"><div class=\"fusion-form-label-wrapper\"><label for=\"name\">Nom <abbr class=\"fusion-form-element-required\" title=\"required\">*<\/abbr><\/label><\/div><input type=\"text\" name=\"name\" id=\"name\" value=\"\"  class=\"fusion-form-input\" required=\"true\" aria-required=\"true\" placeholder=\"... *\" data-holds-private-data=\"false\" minlength=\"0\"\/><\/div><\/div><\/div><div class=\"fusion-layout-column fusion_builder_column fusion-builder-column-2 fusion_builder_column_1_2 1_2 fusion-flex-column\" style=\"--awb-bg-size:cover;--awb-width-large:50%;--awb-margin-top-large:0px;--awb-spacing-right-large:3.84%;--awb-margin-bottom-large:0px;--awb-spacing-left-large:3.84%;--awb-width-medium:50%;--awb-order-medium:0;--awb-spacing-right-medium:3.84%;--awb-spacing-left-medium:3.84%;--awb-width-small:100%;--awb-order-small:0;--awb-spacing-right-small:1.92%;--awb-spacing-left-small:1.92%;\"><div class=\"fusion-column-wrapper fusion-column-has-shadow fusion-flex-justify-content-flex-start fusion-content-layout-column\"><div class=\"fusion-form-field fusion-form-phone-number-field fusion-form-label-above\" style=\"\" data-form-id=\"2619\"><div class=\"fusion-form-label-wrapper\"><label for=\"phone\">T\u00e9l\u00e9phone <abbr class=\"fusion-form-element-required\" title=\"required\">*<\/abbr><\/label><\/div><input type=\"tel\" name=\"phone\" id=\"phone\" value=\"\"  class=\"fusion-form-input\" required=\"true\" aria-required=\"true\" placeholder=\".. .. .. .. .. .. *\" data-holds-private-data=\"false\"\/><\/div><\/div><\/div><div class=\"fusion-layout-column fusion_builder_column fusion-builder-column-3 fusion_builder_column_1_2 1_2 fusion-flex-column\" style=\"--awb-bg-size:cover;--awb-width-large:50%;--awb-margin-top-large:0px;--awb-spacing-right-large:3.84%;--awb-margin-bottom-large:0px;--awb-spacing-left-large:3.84%;--awb-width-medium:50%;--awb-order-medium:0;--awb-spacing-right-medium:3.84%;--awb-spacing-left-medium:3.84%;--awb-width-small:100%;--awb-order-small:0;--awb-spacing-right-small:1.92%;--awb-spacing-left-small:1.92%;\"><div class=\"fusion-column-wrapper fusion-column-has-shadow fusion-flex-justify-content-flex-start fusion-content-layout-column\"><div class=\"fusion-form-field fusion-form-email-field fusion-form-label-above\" style=\"\" data-form-id=\"2619\"><div class=\"fusion-form-label-wrapper\"><label for=\"email-address\">Adresse Email <abbr class=\"fusion-form-element-required\" title=\"required\">*<\/abbr><\/label><\/div><input type=\"email\" name=\"email-address\" id=\"email-address\" value=\"\"  class=\"fusion-form-input\" required=\"true\" aria-required=\"true\" placeholder=\"... *\" data-holds-private-data=\"false\"\/><\/div><\/div><\/div><div class=\"fusion-layout-column fusion_builder_column fusion-builder-column-4 fusion_builder_column_1_2 1_2 fusion-flex-column\" style=\"--awb-bg-size:cover;--awb-width-large:50%;--awb-margin-top-large:0px;--awb-spacing-right-large:3.84%;--awb-margin-bottom-large:0px;--awb-spacing-left-large:3.84%;--awb-width-medium:50%;--awb-order-medium:0;--awb-spacing-right-medium:3.84%;--awb-spacing-left-medium:3.84%;--awb-width-small:100%;--awb-order-small:0;--awb-spacing-right-small:1.92%;--awb-spacing-left-small:1.92%;\"><div class=\"fusion-column-wrapper fusion-column-has-shadow fusion-flex-justify-content-flex-start fusion-content-layout-column\"><\/div><\/div><div class=\"fusion-layout-column fusion_builder_column fusion-builder-column-5 fusion_builder_column_1_1 1_1 fusion-flex-column\" style=\"--awb-bg-size:cover;--awb-width-large:100%;--awb-margin-top-large:0px;--awb-spacing-right-large:1.92%;--awb-margin-bottom-large:0px;--awb-spacing-left-large:1.92%;--awb-width-medium:100%;--awb-order-medium:0;--awb-spacing-right-medium:1.92%;--awb-spacing-left-medium:1.92%;--awb-width-small:100%;--awb-order-small:0;--awb-spacing-right-small:1.92%;--awb-spacing-left-small:1.92%;\"><div class=\"fusion-column-wrapper fusion-column-has-shadow fusion-flex-justify-content-flex-start fusion-content-layout-column\"><div class=\"fusion-form-field fusion-form-text-field fusion-form-label-above\" style=\"\" data-form-id=\"2619\"><div class=\"fusion-form-label-wrapper\"><label for=\"subject\">Plus de d\u00e9tails \u00e0 donner ?<\/label><\/div><input type=\"text\" name=\"subject\" id=\"subject\" value=\"\"  class=\"fusion-form-input\" placeholder=\"... \" data-holds-private-data=\"false\" minlength=\"0\"\/><\/div><div class=\"fusion-form-field fusion-form-textarea-field fusion-form-label-above\" style=\"\" data-form-id=\"2619\"><label for=\"message\">Expliquez nous votre demande<\/label><textarea cols=\"40\"  minlength=\"0\"  rows=\"5\" tabindex=\"\" id=\"message\" name=\"message\" class=\"fusion-form-input\" placeholder=\"... \" data-holds-private-data=\"false\"><\/textarea><\/div><div class=\"fusion-form-field fusion-form-submit-field fusion-form-label-above\" style=\"\" data-form-id=\"2619\"><div ><button type=\"submit\" class=\"fusion-button button-flat fusion-button-default-size button-default fusion-button-default button-1 fusion-button-span-yes fusion-animated form-form-submit button-default\" data-animationType=\"flash\" data-animationDuration=\"1.0\" data-animationOffset=\"top-into-view\" data-form-number=\"2619\" tabindex=\"\"><span class=\"fusion-button-text\">Envoyer ma demande<\/span><\/button><\/div><\/div><\/div><\/div><div class=\"fusion-layout-column fusion_builder_column fusion-builder-column-6 fusion_builder_column_1_1 1_1 fusion-flex-column\" style=\"--awb-bg-size:cover;--awb-width-large:100%;--awb-margin-top-large:0px;--awb-spacing-right-large:1.92%;--awb-margin-bottom-large:0px;--awb-spacing-left-large:1.92%;--awb-width-medium:100%;--awb-order-medium:0;--awb-spacing-right-medium:1.92%;--awb-spacing-left-medium:1.92%;--awb-width-small:100%;--awb-order-small:0;--awb-spacing-right-small:1.92%;--awb-spacing-left-small:1.92%;\"><div class=\"fusion-column-wrapper fusion-column-has-shadow fusion-flex-justify-content-flex-start fusion-content-layout-column\"><div class=\"form-submission-notices data-notice_1\" id=\"fusion-notices-1\"><div class=\"fusion-alert alert success alert-success fusion-alert-center fusion-form-response fusion-form-response-success awb-alert-native-link-color alert-dismissable awb-alert-close-boxed\" style=\"--awb-margin-top:20px;\" role=\"alert\"><div class=\"fusion-alert-content-wrapper\"><span class=\"alert-icon\"><i class=\"awb-icon-check-circle\" aria-hidden=\"true\"><\/i><\/span><span class=\"fusion-alert-content\">Merci pour votre message. Il a \u00e9t\u00e9 envoy\u00e9.<\/span><\/div><button type=\"button\" class=\"close toggle-alert\" data-dismiss=\"alert\" aria-label=\"Close\">&times;<\/button><\/div><div class=\"fusion-alert alert error alert-danger fusion-alert-center fusion-form-response fusion-form-response-error awb-alert-native-link-color alert-dismissable awb-alert-close-boxed\" style=\"--awb-margin-top:20px;\" role=\"alert\"><div class=\"fusion-alert-content-wrapper\"><span class=\"alert-icon\"><i class=\"awb-icon-exclamation-triangle\" aria-hidden=\"true\"><\/i><\/span><span class=\"fusion-alert-content\">Une erreur s'est produite lors de la tentative d'envoi de votre message. Veuillez r\u00e9essayer plus tard.<\/span><\/div><button type=\"button\" class=\"close toggle-alert\" data-dismiss=\"alert\" aria-label=\"Close\">&times;<\/button><\/div><\/div><\/div><\/div><\/div><\/div><input type=\"hidden\" name=\"fusion_privacy_store_ip_ua\" value=\"false\"><input type=\"hidden\" name=\"fusion_privacy_expiration_interval\" value=\"48\"><input type=\"hidden\" name=\"privacy_expiration_action\" value=\"anonymize\"><\/form><\/div><\/div><\/div><\/div><\/div>\n","protected":false},"excerpt":{"rendered":"","protected":false},"author":1,"featured_media":2606,"parent":0,"menu_order":0,"comment_status":"closed","ping_status":"closed","template":"","meta":{"content-type":"","footnotes":""},"class_list":["post-2611","page","type-page","status-publish","has-post-thumbnail","hentry"],"yoast_head":"<!-- This site is optimized with the Yoast SEO Premium plugin v24.5 (Yoast SEO v26.8) - https:\/\/yoast.com\/product\/yoast-seo-premium-wordpress\/ -->\n<title>Formulaire Visite Virtuelle - Veroniquebunner.immo<\/title>\n<meta name=\"description\" content=\"Remplissez notre formulaire de contact pour des informations sur la cr\u00e9ation d&#039;une visite virtuelle vid\u00e9o, 3d ou drone avec V\u00e9ronique BUNNER, votre experte d\u00e9di\u00e9e en immobilier.\" \/>\n<meta name=\"robots\" content=\"index, follow, max-snippet:-1, max-image-preview:large, max-video-preview:-1\" \/>\n<link rel=\"canonical\" href=\"https:\/\/veroniquebunner.immo\/?page_id=2611\" \/>\n<meta property=\"og:locale\" content=\"fr_FR\" \/>\n<meta property=\"og:type\" content=\"article\" \/>\n<meta property=\"og:title\" content=\"Formulaire Visite Virtuelle\" \/>\n<meta property=\"og:description\" content=\"Remplissez notre formulaire de contact pour des informations sur la cr\u00e9ation d&#039;une visite virtuelle vid\u00e9o, 3d ou drone avec V\u00e9ronique BUNNER, votre experte d\u00e9di\u00e9e en immobilier.\" \/>\n<meta property=\"og:url\" content=\"https:\/\/veroniquebunner.immo\/?page_id=2611\" \/>\n<meta property=\"og:site_name\" content=\"Veroniquebunner.immo\" \/>\n<meta property=\"article:modified_time\" content=\"2024-03-01T14:29:20+00:00\" \/>\n<meta property=\"og:image\" content=\"https:\/\/veroniquebunner.immo\/wp-content\/uploads\/2024\/03\/fond-formulaire-bandeau-vb.png\" \/>\n\t<meta property=\"og:image:width\" content=\"1280\" \/>\n\t<meta property=\"og:image:height\" content=\"250\" \/>\n\t<meta property=\"og:image:type\" content=\"image\/png\" \/>\n<meta name=\"twitter:card\" content=\"summary_large_image\" \/>\n<meta name=\"twitter:label1\" content=\"Dur\u00e9e de lecture estim\u00e9e\" \/>\n\t<meta name=\"twitter:data1\" content=\"1 minute\" \/>\n<script type=\"application\/ld+json\" class=\"yoast-schema-graph\">{\"@context\":\"https:\/\/schema.org\",\"@graph\":[{\"@type\":\"WebPage\",\"@id\":\"https:\/\/veroniquebunner.immo\/?page_id=2611\",\"url\":\"https:\/\/veroniquebunner.immo\/?page_id=2611\",\"name\":\"Formulaire Visite Virtuelle - Veroniquebunner.immo\",\"isPartOf\":{\"@id\":\"http:\/\/veroniquebunner.immo\/#website\"},\"primaryImageOfPage\":{\"@id\":\"https:\/\/veroniquebunner.immo\/?page_id=2611#primaryimage\"},\"image\":{\"@id\":\"https:\/\/veroniquebunner.immo\/?page_id=2611#primaryimage\"},\"thumbnailUrl\":\"https:\/\/veroniquebunner.immo\/wp-content\/uploads\/2024\/03\/fond-formulaire-bandeau-vb.png\",\"datePublished\":\"2024-03-01T14:20:24+00:00\",\"dateModified\":\"2024-03-01T14:29:20+00:00\",\"description\":\"Remplissez notre formulaire de contact pour des informations sur la cr\u00e9ation d'une visite virtuelle vid\u00e9o, 3d ou drone avec V\u00e9ronique BUNNER, votre experte d\u00e9di\u00e9e en immobilier.\",\"breadcrumb\":{\"@id\":\"https:\/\/veroniquebunner.immo\/?page_id=2611#breadcrumb\"},\"inLanguage\":\"fr-FR\",\"potentialAction\":[{\"@type\":\"ReadAction\",\"target\":[\"https:\/\/veroniquebunner.immo\/?page_id=2611\"]}]},{\"@type\":\"ImageObject\",\"inLanguage\":\"fr-FR\",\"@id\":\"https:\/\/veroniquebunner.immo\/?page_id=2611#primaryimage\",\"url\":\"https:\/\/veroniquebunner.immo\/wp-content\/uploads\/2024\/03\/fond-formulaire-bandeau-vb.png\",\"contentUrl\":\"https:\/\/veroniquebunner.immo\/wp-content\/uploads\/2024\/03\/fond-formulaire-bandeau-vb.png\",\"width\":1280,\"height\":250},{\"@type\":\"BreadcrumbList\",\"@id\":\"https:\/\/veroniquebunner.immo\/?page_id=2611#breadcrumb\",\"itemListElement\":[{\"@type\":\"ListItem\",\"position\":1,\"name\":\"Accueil\",\"item\":\"http:\/\/veroniquebunner.immo\/\"},{\"@type\":\"ListItem\",\"position\":2,\"name\":\"Formulaire Visite Virtuelle\"}]},{\"@type\":\"WebSite\",\"@id\":\"http:\/\/veroniquebunner.immo\/#website\",\"url\":\"http:\/\/veroniquebunner.immo\/\",\"name\":\"Veroniquebunner.immo\",\"description\":\"\",\"potentialAction\":[{\"@type\":\"SearchAction\",\"target\":{\"@type\":\"EntryPoint\",\"urlTemplate\":\"http:\/\/veroniquebunner.immo\/?s={search_term_string}\"},\"query-input\":{\"@type\":\"PropertyValueSpecification\",\"valueRequired\":true,\"valueName\":\"search_term_string\"}}],\"inLanguage\":\"fr-FR\"}]}<\/script>\n<!-- \/ Yoast SEO Premium plugin. -->","yoast_head_json":{"title":"Formulaire Visite Virtuelle - Veroniquebunner.immo","description":"Remplissez notre formulaire de contact pour des informations sur la cr\u00e9ation d'une visite virtuelle vid\u00e9o, 3d ou drone avec V\u00e9ronique BUNNER, votre experte d\u00e9di\u00e9e en immobilier.","robots":{"index":"index","follow":"follow","max-snippet":"max-snippet:-1","max-image-preview":"max-image-preview:large","max-video-preview":"max-video-preview:-1"},"canonical":"https:\/\/veroniquebunner.immo\/?page_id=2611","og_locale":"fr_FR","og_type":"article","og_title":"Formulaire Visite Virtuelle","og_description":"Remplissez notre formulaire de contact pour des informations sur la cr\u00e9ation d'une visite virtuelle vid\u00e9o, 3d ou drone avec V\u00e9ronique BUNNER, votre experte d\u00e9di\u00e9e en immobilier.","og_url":"https:\/\/veroniquebunner.immo\/?page_id=2611","og_site_name":"Veroniquebunner.immo","article_modified_time":"2024-03-01T14:29:20+00:00","og_image":[{"width":1280,"height":250,"url":"https:\/\/veroniquebunner.immo\/wp-content\/uploads\/2024\/03\/fond-formulaire-bandeau-vb.png","type":"image\/png"}],"twitter_card":"summary_large_image","twitter_misc":{"Dur\u00e9e de lecture estim\u00e9e":"1 minute"},"schema":{"@context":"https:\/\/schema.org","@graph":[{"@type":"WebPage","@id":"https:\/\/veroniquebunner.immo\/?page_id=2611","url":"https:\/\/veroniquebunner.immo\/?page_id=2611","name":"Formulaire Visite Virtuelle - Veroniquebunner.immo","isPartOf":{"@id":"http:\/\/veroniquebunner.immo\/#website"},"primaryImageOfPage":{"@id":"https:\/\/veroniquebunner.immo\/?page_id=2611#primaryimage"},"image":{"@id":"https:\/\/veroniquebunner.immo\/?page_id=2611#primaryimage"},"thumbnailUrl":"https:\/\/veroniquebunner.immo\/wp-content\/uploads\/2024\/03\/fond-formulaire-bandeau-vb.png","datePublished":"2024-03-01T14:20:24+00:00","dateModified":"2024-03-01T14:29:20+00:00","description":"Remplissez notre formulaire de contact pour des informations sur la cr\u00e9ation d'une visite virtuelle vid\u00e9o, 3d ou drone avec V\u00e9ronique BUNNER, votre experte d\u00e9di\u00e9e en immobilier.","breadcrumb":{"@id":"https:\/\/veroniquebunner.immo\/?page_id=2611#breadcrumb"},"inLanguage":"fr-FR","potentialAction":[{"@type":"ReadAction","target":["https:\/\/veroniquebunner.immo\/?page_id=2611"]}]},{"@type":"ImageObject","inLanguage":"fr-FR","@id":"https:\/\/veroniquebunner.immo\/?page_id=2611#primaryimage","url":"https:\/\/veroniquebunner.immo\/wp-content\/uploads\/2024\/03\/fond-formulaire-bandeau-vb.png","contentUrl":"https:\/\/veroniquebunner.immo\/wp-content\/uploads\/2024\/03\/fond-formulaire-bandeau-vb.png","width":1280,"height":250},{"@type":"BreadcrumbList","@id":"https:\/\/veroniquebunner.immo\/?page_id=2611#breadcrumb","itemListElement":[{"@type":"ListItem","position":1,"name":"Accueil","item":"http:\/\/veroniquebunner.immo\/"},{"@type":"ListItem","position":2,"name":"Formulaire Visite Virtuelle"}]},{"@type":"WebSite","@id":"http:\/\/veroniquebunner.immo\/#website","url":"http:\/\/veroniquebunner.immo\/","name":"Veroniquebunner.immo","description":"","potentialAction":[{"@type":"SearchAction","target":{"@type":"EntryPoint","urlTemplate":"http:\/\/veroniquebunner.immo\/?s={search_term_string}"},"query-input":{"@type":"PropertyValueSpecification","valueRequired":true,"valueName":"search_term_string"}}],"inLanguage":"fr-FR"}]}},"jetpack_sharing_enabled":true,"_links":{"self":[{"href":"https:\/\/veroniquebunner.immo\/index.php?rest_route=\/wp\/v2\/pages\/2611","targetHints":{"allow":["GET"]}}],"collection":[{"href":"https:\/\/veroniquebunner.immo\/index.php?rest_route=\/wp\/v2\/pages"}],"about":[{"href":"https:\/\/veroniquebunner.immo\/index.php?rest_route=\/wp\/v2\/types\/page"}],"author":[{"embeddable":true,"href":"https:\/\/veroniquebunner.immo\/index.php?rest_route=\/wp\/v2\/users\/1"}],"replies":[{"embeddable":true,"href":"https:\/\/veroniquebunner.immo\/index.php?rest_route=%2Fwp%2Fv2%2Fcomments&post=2611"}],"version-history":[{"count":2,"href":"https:\/\/veroniquebunner.immo\/index.php?rest_route=\/wp\/v2\/pages\/2611\/revisions"}],"predecessor-version":[{"id":2623,"href":"https:\/\/veroniquebunner.immo\/index.php?rest_route=\/wp\/v2\/pages\/2611\/revisions\/2623"}],"wp:featuredmedia":[{"embeddable":true,"href":"https:\/\/veroniquebunner.immo\/index.php?rest_route=\/wp\/v2\/media\/2606"}],"wp:attachment":[{"href":"https:\/\/veroniquebunner.immo\/index.php?rest_route=%2Fwp%2Fv2%2Fmedia&parent=2611"}],"curies":[{"name":"wp","href":"https:\/\/api.w.org\/{rel}","templated":true}]}}