{"id":1103,"date":"2020-09-14T16:06:13","date_gmt":"2020-09-14T16:06:13","guid":{"rendered":"https:\/\/avadawebsites.wpengine.com\/accountant\/?page_id=1103"},"modified":"2024-02-23T10:54:22","modified_gmt":"2024-02-23T09:54:22","slug":"faq-immobilier-veronique-bunner","status":"publish","type":"page","link":"http:\/\/veroniquebunner.immo\/?page_id=1103","title":{"rendered":"FAQ"},"content":{"rendered":"<p><div class=\"fusion-fullwidth fullwidth-box fusion-builder-row-1 fusion-flex-container nonhundred-percent-fullwidth non-hundred-percent-height-scrolling\" style=\"--awb-border-radius-top-left:0px;--awb-border-radius-top-right:0px;--awb-border-radius-bottom-right:0px;--awb-border-radius-bottom-left:0px;--awb-padding-top:80px;--awb-padding-bottom:80px;--awb-padding-top-medium:60px;--awb-padding-bottom-medium:60px;--awb-padding-top-small:20px;--awb-padding-bottom-small:60px;--awb-background-color:var(--awb-color2);--awb-flex-wrap:wrap;\" ><div class=\"fusion-builder-row fusion-row fusion-flex-align-items-flex-start fusion-flex-justify-content-center fusion-flex-content-wrap\" style=\"max-width:1310.4px;margin-left: calc(-4% \/ 2 );margin-right: calc(-4% \/ 2 );\"><div class=\"fusion-layout-column fusion_builder_column fusion-builder-column-0 fusion_builder_column_2_5 2_5 fusion-flex-column\" style=\"--awb-bg-size:cover;--awb-width-large:40%;--awb-margin-top-large:20px;--awb-spacing-right-large:9.6%;--awb-margin-bottom-large:20px;--awb-spacing-left-large:4.8%;--awb-width-medium:50%;--awb-order-medium:0;--awb-spacing-right-medium:7.68%;--awb-spacing-left-medium:7.68%;--awb-width-small:100%;--awb-order-small:0;--awb-spacing-right-small:1.92%;--awb-margin-bottom-small:0px;--awb-spacing-left-small:1.92%;\"><div class=\"fusion-column-wrapper fusion-column-has-shadow fusion-flex-justify-content-flex-start fusion-content-layout-column\"><div class=\"fusion-title title fusion-title-1 fusion-sep-none fusion-title-text fusion-title-size-four\" style=\"--awb-margin-bottom:16px;\"><h4 class=\"fusion-title-heading title-heading-left fusion-responsive-typography-calculated\" style=\"margin:0;--fontSize:24;--minFontSize:24;line-height:1.42;\"><strong>Comment puis-je demander une estimation gratuite pour mon bien immobilier ?<\/strong><\/h4><\/div><div class=\"fusion-text fusion-text-1\"><p>Pour une estimation gratuite de votre immeuble, appartement, maison, terrain ou entreprise, il vous suffit de remplir le formulaire de contact correspondant \u00e0 votre besoin sur notre site. Nous vous contacterons pour convenir d&rsquo;un rendez-vous.<\/p>\n<\/div><div class=\"fusion-title title fusion-title-2 fusion-sep-none fusion-title-text fusion-title-size-four\" style=\"--awb-margin-top:24px;\"><h4 class=\"fusion-title-heading title-heading-left fusion-responsive-typography-calculated\" style=\"margin:0;--fontSize:24;--minFontSize:24;line-height:1.42;\"><strong>En quoi consistent les visites virtuelles propos\u00e9es par V\u00e9ronique Bunner ?<\/strong><\/h4><\/div><div class=\"fusion-text fusion-text-2\"><p>Nos visites virtuelles utilisent la vid\u00e9o, la mod\u00e9lisation 3D et la technologie par drone pour offrir une exp\u00e9rience immersive de votre bien, facilitant ainsi la pr\u00e9sentation et la vente.<\/p>\n<\/div><div class=\"fusion-title title fusion-title-3 fusion-sep-none fusion-title-text fusion-title-size-four\" style=\"--awb-margin-top:24px;\"><h4 class=\"fusion-title-heading title-heading-left fusion-responsive-typography-calculated\" style=\"margin:0;--fontSize:24;--minFontSize:24;line-height:1.42;\"><strong>Comment les \u00e9tudes en viager sont-elles r\u00e9alis\u00e9es ?<\/strong><\/h4><\/div><div class=\"fusion-text fusion-text-3\"><p>Pour une \u00e9tude en viager, nous analysons votre situation et celle du march\u00e9 pour vous proposer une solution personnalis\u00e9e. Contactez-nous pour une consultation d\u00e9taill\u00e9e.<\/p>\n<\/div><div class=\"fusion-title title fusion-title-4 fusion-sep-none fusion-title-text fusion-title-size-four\" style=\"--awb-margin-top:24px;\"><h4 class=\"fusion-title-heading title-heading-left fusion-responsive-typography-calculated\" style=\"margin:0;--fontSize:24;--minFontSize:24;line-height:1.42;\"><strong>Combien de temps faut-il pour recevoir une estimation ?<\/strong><\/h4><\/div><div class=\"fusion-text fusion-text-4\"><p>Le d\u00e9lai pour recevoir une estimation varie en fonction du type de bien et de la complexit\u00e9 de l&rsquo;\u00e9valuation, mais nous nous effor\u00e7ons de fournir des estimations dans les plus brefs d\u00e9lais.<\/p>\n<\/div><div class=\"fusion-title title fusion-title-5 fusion-sep-none fusion-title-text fusion-title-size-four\" style=\"--awb-margin-top:24px;\"><h4 class=\"fusion-title-heading title-heading-left fusion-responsive-typography-calculated\" style=\"margin:0;--fontSize:24;--minFontSize:24;line-height:1.42;\"><strong>Les visites virtuelles sont-elles payantes ?<\/strong><\/h4><\/div><div class=\"fusion-text fusion-text-5\"><p>Les co\u00fbts associ\u00e9s aux visites virtuelles d\u00e9pendent du type de service choisi (vid\u00e9o, 3D, drone). Contactez-nous pour obtenir un devis personnalis\u00e9.<\/p>\n<\/div><\/div><\/div><div class=\"fusion-layout-column fusion_builder_column fusion-builder-column-1 fusion_builder_column_2_5 2_5 fusion-flex-column\" style=\"--awb-bg-size:cover;--awb-width-large:40%;--awb-margin-top-large:20px;--awb-spacing-right-large:4.8%;--awb-margin-bottom-large:20px;--awb-spacing-left-large:9.6%;--awb-width-medium:50%;--awb-order-medium:0;--awb-spacing-right-medium:7.68%;--awb-spacing-left-medium:7.68%;--awb-width-small:100%;--awb-order-small:0;--awb-margin-top-small:0px;--awb-spacing-right-small:1.92%;--awb-margin-bottom-small:0px;--awb-spacing-left-small:1.92%;\"><div class=\"fusion-column-wrapper fusion-column-has-shadow fusion-flex-justify-content-flex-start fusion-content-layout-column\"><div class=\"fusion-title title fusion-title-6 fusion-sep-none fusion-title-text fusion-title-size-four\"><h4 class=\"fusion-title-heading title-heading-left fusion-responsive-typography-calculated\" style=\"margin:0;--fontSize:24;--minFontSize:24;line-height:1.42;\"><strong>Quels types de biens immobiliers V\u00e9ronique Bunner peut-elle \u00e9valuer ?<\/strong><\/h4><\/div><div class=\"fusion-text fusion-text-6\"><p>V\u00e9ronique Bunner propose des estimations pour une large gamme de biens, y compris les immeubles, appartements, maisons, terrains et locaux d&rsquo;entreprise.<\/p>\n<\/div><div class=\"fusion-title title fusion-title-7 fusion-sep-none fusion-title-text fusion-title-size-four\" style=\"--awb-margin-top:24px;\"><h4 class=\"fusion-title-heading title-heading-left fusion-responsive-typography-calculated\" style=\"margin:0;--fontSize:24;--minFontSize:24;line-height:1.42;\"><strong>Comment prendre rendez-vous avec V\u00e9ronique Bunner ?<\/strong><\/h4><\/div><div class=\"fusion-text fusion-text-7\"><p>Pour prendre rendez-vous, vous pouvez soit utiliser le formulaire de contact sur notre site, soit nous appeler directement au 0698368808, soit nous envoyer un email \u00e0 <a target=\"_new\" rel=\"noopener\">contact@veroniquebunner.immo<\/a>.<\/p>\n<\/div><div class=\"fusion-title title fusion-title-8 fusion-sep-none fusion-title-text fusion-title-size-four\" style=\"--awb-margin-top:24px;\"><h4 class=\"fusion-title-heading title-heading-left fusion-responsive-typography-calculated\" style=\"margin:0;--fontSize:24;--minFontSize:24;line-height:1.42;\"><strong>V\u00e9ronique Bunner peut-elle m&rsquo;aider \u00e0 vendre mon bien ?<\/strong><\/h4><\/div><div class=\"fusion-text fusion-text-8\"><p>Bien que nos services soient ax\u00e9s sur l&rsquo;\u00e9valuation et la pr\u00e9sentation de biens, nous pouvons vous conseiller et vous orienter vers des partenaires de confiance pour la vente.<\/p>\n<\/div><div class=\"fusion-title title fusion-title-9 fusion-sep-none fusion-title-text fusion-title-size-four\" style=\"--awb-margin-top:24px;\"><h4 class=\"fusion-title-heading title-heading-left fusion-responsive-typography-calculated\" style=\"margin:0;--fontSize:24;--minFontSize:24;line-height:1.42;\"><strong>Quelle est la zone g\u00e9ographique couverte par vos services ?<\/strong><\/h4><\/div><div class=\"fusion-text fusion-text-9\"><p>Nos services sont principalement propos\u00e9s dans la r\u00e9gion autour de Mulhouse dans le 68, mais n&rsquo;h\u00e9sitez pas \u00e0 nous contacter pour des demandes sp\u00e9cifiques en dehors de cette zone.<\/p>\n<\/div><div class=\"fusion-title title fusion-title-10 fusion-sep-none fusion-title-text fusion-title-size-four\" style=\"--awb-margin-top:24px;\"><h4 class=\"fusion-title-heading title-heading-left fusion-responsive-typography-calculated\" style=\"margin:0;--fontSize:24;--minFontSize:24;line-height:1.42;\"><strong>Comment garantissez-vous la confidentialit\u00e9 des informations fournies ?<\/strong><\/h4><\/div><div class=\"fusion-text fusion-text-10\"><p>Nous nous engageons \u00e0 prot\u00e9ger la confidentialit\u00e9 et la s\u00e9curit\u00e9 de vos donn\u00e9es conform\u00e9ment \u00e0 notre politique RGPD. Vos informations ne seront utilis\u00e9es que pour les services demand\u00e9s et ne seront jamais partag\u00e9es sans votre consentement explicite.<\/p>\n<\/div><\/div><\/div><\/div><\/div><div class=\"fusion-fullwidth fullwidth-box fusion-builder-row-2 fusion-flex-container nonhundred-percent-fullwidth non-hundred-percent-height-scrolling\" style=\"--awb-border-radius-top-left:0px;--awb-border-radius-top-right:0px;--awb-border-radius-bottom-right:0px;--awb-border-radius-bottom-left:0px;--awb-padding-top:102px;--awb-padding-bottom:60px;--awb-padding-bottom-medium:32px;--awb-padding-top-small:40px;--awb-padding-bottom-small:40px;--awb-flex-wrap:wrap;\" ><div class=\"fusion-builder-row fusion-row fusion-flex-align-items-flex-start fusion-flex-justify-content-center fusion-flex-content-wrap\" style=\"max-width:1310.4px;margin-left: calc(-4% \/ 2 );margin-right: calc(-4% \/ 2 );\"><div class=\"fusion-layout-column fusion_builder_column fusion-builder-column-2 fusion_builder_column_3_4 3_4 fusion-flex-column\" style=\"--awb-bg-size:cover;--awb-width-large:75%;--awb-margin-top-large:20px;--awb-spacing-right-large:2.56%;--awb-margin-bottom-large:20px;--awb-spacing-left-large:2.56%;--awb-width-medium:75%;--awb-spacing-right-medium:2.56%;--awb-margin-bottom-medium:30px;--awb-spacing-left-medium:2.56%;--awb-width-small:100%;--awb-spacing-right-small:1.92%;--awb-spacing-left-small:1.92%;\"><div class=\"fusion-column-wrapper fusion-column-has-shadow fusion-flex-justify-content-flex-start fusion-content-layout-column\"><div class=\"fusion-title title fusion-title-11 fusion-sep-none fusion-title-center fusion-title-text fusion-title-size-two\"><h2 class=\"fusion-title-heading title-heading-center fusion-responsive-typography-calculated\" style=\"margin:0;--fontSize:48;line-height:1.2;\">Planifiez Votre Consultation Personnalis\u00e9e<\/h2><\/div><div class=\"fusion-text fusion-text-11\" style=\"--awb-content-alignment:center;--awb-font-size:26px;--awb-line-height:36px;\"><p>Appelez moi au <span style=\"color: var(--awb-color7);\">(+33) 06 98 36 88 08<br \/>\n<\/span><\/p>\n<\/div><div style=\"text-align:center;\"><a class=\"fusion-button button-flat fusion-button-default-size button-default fusion-button-default button-1 fusion-button-default-span fusion-button-default-type\" style=\"--button_margin-top:32px;--button_margin-bottom:12px;\" target=\"_self\" href=\"http:\/\/veroniquebunner.immo\/?page_id=84\"><span class=\"fusion-button-text\">Ou par email ?<\/span><\/a><\/div><div class=\"fusion-text fusion-text-12\" style=\"--awb-content-alignment:center;--awb-font-size:16px;--awb-line-height:28px;\"><p>Envie d\u2019un conseil sur mesure ? R\u00e9servez d\u00e8s maintenant votre rendez-vous personnalis\u00e9 et d\u00e9couvrez comment nous pouvons concr\u00e9tiser ensemble vos projets immobiliers.<\/p>\n<\/div><\/div><\/div><\/div><\/div>\n<\/p>\n","protected":false},"excerpt":{"rendered":"","protected":false},"author":1,"featured_media":0,"parent":0,"menu_order":0,"comment_status":"closed","ping_status":"closed","template":"100-width.php","meta":{"content-type":"","footnotes":""},"class_list":["post-1103","page","type-page","status-publish","hentry"],"yoast_head":"<!-- This site is optimized with the Yoast SEO Premium plugin v24.5 (Yoast SEO v26.8) - https:\/\/yoast.com\/product\/yoast-seo-premium-wordpress\/ -->\n<title>FAQ - Veroniquebunner.immo<\/title>\n<meta name=\"description\" content=\"Trouvez des r\u00e9ponses claires \u00e0 vos questions sur l&#039;immobilier avec la FAQ de V\u00e9ronique BUNNER. De l&#039;estimation gratuite \u00e0 la cr\u00e9ation de visites virtuelles, nous couvrons tous vos besoins.\" \/>\n<meta name=\"robots\" content=\"index, follow, max-snippet:-1, max-image-preview:large, max-video-preview:-1\" \/>\n<link rel=\"canonical\" href=\"http:\/\/veroniquebunner.immo\/?page_id=1103\" \/>\n<meta property=\"og:locale\" content=\"fr_FR\" \/>\n<meta property=\"og:type\" content=\"article\" \/>\n<meta property=\"og:title\" content=\"FAQ\" \/>\n<meta property=\"og:description\" content=\"Trouvez des r\u00e9ponses claires \u00e0 vos questions sur l&#039;immobilier avec la FAQ de V\u00e9ronique BUNNER. De l&#039;estimation gratuite \u00e0 la cr\u00e9ation de visites virtuelles, nous couvrons tous vos besoins.\" \/>\n<meta property=\"og:url\" content=\"http:\/\/veroniquebunner.immo\/?page_id=1103\" \/>\n<meta property=\"og:site_name\" content=\"Veroniquebunner.immo\" \/>\n<meta property=\"article:modified_time\" content=\"2024-02-23T09:54:22+00:00\" \/>\n<meta name=\"twitter:card\" content=\"summary_large_image\" \/>\n<meta name=\"twitter:label1\" content=\"Dur\u00e9e de lecture estim\u00e9e\" \/>\n\t<meta name=\"twitter:data1\" content=\"3 minutes\" \/>\n<script type=\"application\/ld+json\" class=\"yoast-schema-graph\">{\"@context\":\"https:\/\/schema.org\",\"@graph\":[{\"@type\":\"WebPage\",\"@id\":\"http:\/\/veroniquebunner.immo\/?page_id=1103\",\"url\":\"http:\/\/veroniquebunner.immo\/?page_id=1103\",\"name\":\"FAQ - Veroniquebunner.immo\",\"isPartOf\":{\"@id\":\"http:\/\/veroniquebunner.immo\/#website\"},\"datePublished\":\"2020-09-14T16:06:13+00:00\",\"dateModified\":\"2024-02-23T09:54:22+00:00\",\"description\":\"Trouvez des r\u00e9ponses claires \u00e0 vos questions sur l'immobilier avec la FAQ de V\u00e9ronique BUNNER. De l'estimation gratuite \u00e0 la cr\u00e9ation de visites virtuelles, nous couvrons tous vos besoins.\",\"breadcrumb\":{\"@id\":\"http:\/\/veroniquebunner.immo\/?page_id=1103#breadcrumb\"},\"inLanguage\":\"fr-FR\",\"potentialAction\":[{\"@type\":\"ReadAction\",\"target\":[\"http:\/\/veroniquebunner.immo\/?page_id=1103\"]}]},{\"@type\":\"BreadcrumbList\",\"@id\":\"http:\/\/veroniquebunner.immo\/?page_id=1103#breadcrumb\",\"itemListElement\":[{\"@type\":\"ListItem\",\"position\":1,\"name\":\"Accueil\",\"item\":\"http:\/\/veroniquebunner.immo\/\"},{\"@type\":\"ListItem\",\"position\":2,\"name\":\"FAQ\"}]},{\"@type\":\"WebSite\",\"@id\":\"http:\/\/veroniquebunner.immo\/#website\",\"url\":\"http:\/\/veroniquebunner.immo\/\",\"name\":\"Veroniquebunner.immo\",\"description\":\"\",\"potentialAction\":[{\"@type\":\"SearchAction\",\"target\":{\"@type\":\"EntryPoint\",\"urlTemplate\":\"http:\/\/veroniquebunner.immo\/?s={search_term_string}\"},\"query-input\":{\"@type\":\"PropertyValueSpecification\",\"valueRequired\":true,\"valueName\":\"search_term_string\"}}],\"inLanguage\":\"fr-FR\"}]}<\/script>\n<!-- \/ Yoast SEO Premium plugin. -->","yoast_head_json":{"title":"FAQ - Veroniquebunner.immo","description":"Trouvez des r\u00e9ponses claires \u00e0 vos questions sur l'immobilier avec la FAQ de V\u00e9ronique BUNNER. De l'estimation gratuite \u00e0 la cr\u00e9ation de visites virtuelles, nous couvrons tous vos besoins.","robots":{"index":"index","follow":"follow","max-snippet":"max-snippet:-1","max-image-preview":"max-image-preview:large","max-video-preview":"max-video-preview:-1"},"canonical":"http:\/\/veroniquebunner.immo\/?page_id=1103","og_locale":"fr_FR","og_type":"article","og_title":"FAQ","og_description":"Trouvez des r\u00e9ponses claires \u00e0 vos questions sur l'immobilier avec la FAQ de V\u00e9ronique BUNNER. De l'estimation gratuite \u00e0 la cr\u00e9ation de visites virtuelles, nous couvrons tous vos besoins.","og_url":"http:\/\/veroniquebunner.immo\/?page_id=1103","og_site_name":"Veroniquebunner.immo","article_modified_time":"2024-02-23T09:54:22+00:00","twitter_card":"summary_large_image","twitter_misc":{"Dur\u00e9e de lecture estim\u00e9e":"3 minutes"},"schema":{"@context":"https:\/\/schema.org","@graph":[{"@type":"WebPage","@id":"http:\/\/veroniquebunner.immo\/?page_id=1103","url":"http:\/\/veroniquebunner.immo\/?page_id=1103","name":"FAQ - Veroniquebunner.immo","isPartOf":{"@id":"http:\/\/veroniquebunner.immo\/#website"},"datePublished":"2020-09-14T16:06:13+00:00","dateModified":"2024-02-23T09:54:22+00:00","description":"Trouvez des r\u00e9ponses claires \u00e0 vos questions sur l'immobilier avec la FAQ de V\u00e9ronique BUNNER. De l'estimation gratuite \u00e0 la cr\u00e9ation de visites virtuelles, nous couvrons tous vos besoins.","breadcrumb":{"@id":"http:\/\/veroniquebunner.immo\/?page_id=1103#breadcrumb"},"inLanguage":"fr-FR","potentialAction":[{"@type":"ReadAction","target":["http:\/\/veroniquebunner.immo\/?page_id=1103"]}]},{"@type":"BreadcrumbList","@id":"http:\/\/veroniquebunner.immo\/?page_id=1103#breadcrumb","itemListElement":[{"@type":"ListItem","position":1,"name":"Accueil","item":"http:\/\/veroniquebunner.immo\/"},{"@type":"ListItem","position":2,"name":"FAQ"}]},{"@type":"WebSite","@id":"http:\/\/veroniquebunner.immo\/#website","url":"http:\/\/veroniquebunner.immo\/","name":"Veroniquebunner.immo","description":"","potentialAction":[{"@type":"SearchAction","target":{"@type":"EntryPoint","urlTemplate":"http:\/\/veroniquebunner.immo\/?s={search_term_string}"},"query-input":{"@type":"PropertyValueSpecification","valueRequired":true,"valueName":"search_term_string"}}],"inLanguage":"fr-FR"}]}},"jetpack_sharing_enabled":true,"_links":{"self":[{"href":"http:\/\/veroniquebunner.immo\/index.php?rest_route=\/wp\/v2\/pages\/1103","targetHints":{"allow":["GET"]}}],"collection":[{"href":"http:\/\/veroniquebunner.immo\/index.php?rest_route=\/wp\/v2\/pages"}],"about":[{"href":"http:\/\/veroniquebunner.immo\/index.php?rest_route=\/wp\/v2\/types\/page"}],"author":[{"embeddable":true,"href":"http:\/\/veroniquebunner.immo\/index.php?rest_route=\/wp\/v2\/users\/1"}],"replies":[{"embeddable":true,"href":"http:\/\/veroniquebunner.immo\/index.php?rest_route=%2Fwp%2Fv2%2Fcomments&post=1103"}],"version-history":[{"count":3,"href":"http:\/\/veroniquebunner.immo\/index.php?rest_route=\/wp\/v2\/pages\/1103\/revisions"}],"predecessor-version":[{"id":2470,"href":"http:\/\/veroniquebunner.immo\/index.php?rest_route=\/wp\/v2\/pages\/1103\/revisions\/2470"}],"wp:attachment":[{"href":"http:\/\/veroniquebunner.immo\/index.php?rest_route=%2Fwp%2Fv2%2Fmedia&parent=1103"}],"curies":[{"name":"wp","href":"https:\/\/api.w.org\/{rel}","templated":true}]}}