{"id":1099,"date":"2020-09-14T16:02:14","date_gmt":"2020-09-14T16:02:14","guid":{"rendered":"https:\/\/avadawebsites.wpengine.com\/accountant\/?page_id=1099"},"modified":"2024-02-23T09:35:15","modified_gmt":"2024-02-23T08:35:15","slug":"mentions-legales-veronique-bunner","status":"publish","type":"page","link":"http:\/\/veroniquebunner.immo\/?page_id=1099","title":{"rendered":"Mentions L\u00e9gales"},"content":{"rendered":"<p><div class=\"fusion-fullwidth fullwidth-box fusion-builder-row-1 fusion-flex-container has-pattern-background has-mask-background nonhundred-percent-fullwidth non-hundred-percent-height-scrolling\" style=\"--awb-border-radius-top-left:0px;--awb-border-radius-top-right:0px;--awb-border-radius-bottom-right:0px;--awb-border-radius-bottom-left:0px;--awb-background-color:#f9fafb;--awb-flex-wrap:wrap;\" ><div class=\"fusion-builder-row fusion-row fusion-flex-align-items-flex-start fusion-flex-content-wrap\" style=\"max-width:1310.4px;margin-left: calc(-4% \/ 2 );margin-right: calc(-4% \/ 2 );\"><div class=\"fusion-layout-column fusion_builder_column fusion-builder-column-0 fusion_builder_column_1_1 1_1 fusion-flex-column\" style=\"--awb-bg-size:cover;--awb-width-large:100%;--awb-margin-top-large:20px;--awb-spacing-right-large:1.92%;--awb-margin-bottom-large:20px;--awb-spacing-left-large:1.92%;--awb-width-medium:100%;--awb-order-medium:0;--awb-spacing-right-medium:1.92%;--awb-spacing-left-medium:1.92%;--awb-width-small:100%;--awb-order-small:0;--awb-spacing-right-small:1.92%;--awb-spacing-left-small:1.92%;\"><div class=\"fusion-column-wrapper fusion-column-has-shadow fusion-flex-justify-content-flex-start fusion-content-layout-column\"><div class=\"fusion-title title fusion-title-1 fusion-sep-none fusion-title-center fusion-title-text fusion-title-size-one\"><h1 class=\"fusion-title-heading title-heading-center fusion-responsive-typography-calculated\" style=\"margin:0;--fontSize:60;line-height:var(--awb-typography1-line-height);\">Mentions L\u00e9gales<\/h1><\/div><div class=\"fusion-text fusion-text-1\"><p><strong>\u00c9diteur du Site :<\/strong><br \/>Nom de l&rsquo;entreprise : V\u00e9ronique BUNNER<br \/>T\u00e9l\u00e9phone : (+33)0698368808<br \/>E-mail : [Adresse E-mail]SIRET : [Num\u00e9ro de SIRET]Responsable de la publication : <strong>V\u00e9ronique BUNNER<\/strong><\/p>\n<p><strong>H\u00e9bergement :<\/strong><br \/>Nom de l&rsquo;h\u00e9bergeur : <strong>Netione<\/strong> \u00ae<br \/>Adresse de l&rsquo;h\u00e9bergeur : 13 rue des champs 68110 ILLZACH<br \/>T\u00e9l\u00e9phone de l&rsquo;h\u00e9bergeur : (+33)0389331432<br \/>E-mail de l&rsquo;h\u00e9bergeur : support@netione.fr<\/p>\n<p>&nbsp;<\/p>\n<p><strong>Propri\u00e9t\u00e9 intellectuelle :<\/strong><br \/>Le contenu du site Veroniquebunner.immo, y compris les textes, images, graphiques et logo, appartient exclusivement \u00e0 [Nom de l&rsquo;Entreprise]. Toute utilisation, reproduction, distribution, modification ou diffusion de contenu du site sans l&rsquo;autorisation \u00e9crite expresse de [Nom de l&rsquo;Entreprise] est strictement interdite.<\/p>\n<p><strong>Protection des donn\u00e9es personnelles :<\/strong><br \/>Conform\u00e9ment \u00e0 la loi \u00ab\u00a0Informatique et Libert\u00e9s\u00a0\u00bb et au RGPD, vous disposez d&rsquo;un droit d&rsquo;acc\u00e8s, de rectification et de suppression des donn\u00e9es personnelles vous concernant. Pour exercer ce droit, veuillez contacter [Adresse E-mail ou Num\u00e9ro de T\u00e9l\u00e9phone].<\/p>\n<p><strong>Cookies :<\/strong><br \/>Le site Veroniquebunner.immo utilise des cookies pour am\u00e9liorer l&rsquo;exp\u00e9rience utilisateur et analyser le trafic. En naviguant sur le site, vous acceptez l&rsquo;utilisation de ces cookies conform\u00e9ment \u00e0 notre politique de confidentialit\u00e9.<\/p>\n<p><strong>Limitation de responsabilit\u00e9 :<\/strong><br \/>V\u00e9ronique BUNNER s&rsquo;efforce d&rsquo;assurer l&rsquo;exactitude et la mise \u00e0 jour des informations diffus\u00e9es sur ce site, dont elle se r\u00e9serve le droit de corriger, \u00e0 tout moment et sans pr\u00e9avis, le contenu. Toutefois, V\u00e9ronique BUNNER ne peut garantir l&rsquo;exactitude, la pr\u00e9cision ou l&rsquo;exhaustivit\u00e9 des informations mises \u00e0 disposition sur ce site.<\/p>\n<\/div><\/div><\/div><\/div><\/div><div class=\"fusion-fullwidth fullwidth-box fusion-builder-row-2 fusion-flex-container nonhundred-percent-fullwidth non-hundred-percent-height-scrolling\" style=\"--awb-border-radius-top-left:0px;--awb-border-radius-top-right:0px;--awb-border-radius-bottom-right:0px;--awb-border-radius-bottom-left:0px;--awb-padding-top:102px;--awb-padding-bottom:60px;--awb-padding-bottom-medium:32px;--awb-padding-top-small:40px;--awb-padding-bottom-small:40px;--awb-flex-wrap:wrap;\" ><div class=\"fusion-builder-row fusion-row fusion-flex-align-items-flex-start fusion-flex-justify-content-center fusion-flex-content-wrap\" style=\"max-width:1310.4px;margin-left: calc(-4% \/ 2 );margin-right: calc(-4% \/ 2 );\"><div class=\"fusion-layout-column fusion_builder_column fusion-builder-column-1 fusion_builder_column_3_4 3_4 fusion-flex-column\" style=\"--awb-bg-size:cover;--awb-width-large:75%;--awb-margin-top-large:20px;--awb-spacing-right-large:2.56%;--awb-margin-bottom-large:20px;--awb-spacing-left-large:2.56%;--awb-width-medium:75%;--awb-spacing-right-medium:2.56%;--awb-margin-bottom-medium:30px;--awb-spacing-left-medium:2.56%;--awb-width-small:100%;--awb-spacing-right-small:1.92%;--awb-spacing-left-small:1.92%;\"><div class=\"fusion-column-wrapper fusion-column-has-shadow fusion-flex-justify-content-flex-start fusion-content-layout-column\"><div class=\"fusion-title title fusion-title-2 fusion-sep-none fusion-title-center fusion-title-text fusion-title-size-two\"><h2 class=\"fusion-title-heading title-heading-center fusion-responsive-typography-calculated\" style=\"margin:0;--fontSize:48;line-height:1.2;\">Planifiez Votre Consultation Personnalis\u00e9e<\/h2><\/div><div class=\"fusion-text fusion-text-2\" style=\"--awb-content-alignment:center;--awb-font-size:26px;--awb-line-height:36px;\"><p>Appelez moi au <span style=\"color: var(--awb-color7);\">(+33) 06 98 36 88 08<br \/>\n<\/span><\/p>\n<\/div><div style=\"text-align:center;\"><a class=\"fusion-button button-flat fusion-button-default-size button-default fusion-button-default button-1 fusion-button-default-span fusion-button-default-type\" style=\"--button_margin-top:32px;--button_margin-bottom:12px;\" target=\"_self\" href=\"http:\/\/veroniquebunner.immo\/?page_id=84\"><span class=\"fusion-button-text\">Ou par email ?<\/span><\/a><\/div><div class=\"fusion-text fusion-text-3\" style=\"--awb-content-alignment:center;--awb-font-size:16px;--awb-line-height:28px;\"><p>Envie d\u2019un conseil sur mesure ? R\u00e9servez d\u00e8s maintenant votre rendez-vous personnalis\u00e9 et d\u00e9couvrez comment nous pouvons concr\u00e9tiser ensemble vos projets immobiliers.<\/p>\n<\/div><\/div><\/div><\/div><\/div>\n<\/p>\n","protected":false},"excerpt":{"rendered":"","protected":false},"author":1,"featured_media":0,"parent":0,"menu_order":0,"comment_status":"closed","ping_status":"closed","template":"100-width.php","meta":{"content-type":"","footnotes":""},"class_list":["post-1099","page","type-page","status-publish","hentry"],"yoast_head":"<!-- This site is optimized with the Yoast SEO Premium plugin v24.5 (Yoast SEO v26.8) - https:\/\/yoast.com\/product\/yoast-seo-premium-wordpress\/ -->\n<title>Mentions L\u00e9gales - Veroniquebunner.immo<\/title>\n<meta name=\"description\" content=\"Consultez les mentions l\u00e9gales de V\u00e9ronique Bunner, votre experte immobili\u00e8re, pour en savoir plus sur nos services d&#039;estimations, visites virtuelles et \u00e9tudes en viager en toute transparence.\" \/>\n<meta name=\"robots\" content=\"index, follow, max-snippet:-1, max-image-preview:large, max-video-preview:-1\" \/>\n<link rel=\"canonical\" href=\"https:\/\/veroniquebunner.immo\/?page_id=1099\" \/>\n<meta property=\"og:locale\" content=\"fr_FR\" \/>\n<meta property=\"og:type\" content=\"article\" \/>\n<meta property=\"og:title\" content=\"Mentions L\u00e9gales\" \/>\n<meta property=\"og:description\" content=\"Consultez les mentions l\u00e9gales de V\u00e9ronique Bunner, votre experte immobili\u00e8re, pour en savoir plus sur nos services d&#039;estimations, visites virtuelles et \u00e9tudes en viager en toute transparence.\" \/>\n<meta property=\"og:url\" content=\"https:\/\/veroniquebunner.immo\/?page_id=1099\" \/>\n<meta property=\"og:site_name\" content=\"Veroniquebunner.immo\" \/>\n<meta property=\"article:modified_time\" content=\"2024-02-23T08:35:15+00:00\" \/>\n<meta name=\"twitter:card\" content=\"summary_large_image\" \/>\n<meta name=\"twitter:label1\" content=\"Dur\u00e9e de lecture estim\u00e9e\" \/>\n\t<meta name=\"twitter:data1\" content=\"1 minute\" \/>\n<script type=\"application\/ld+json\" class=\"yoast-schema-graph\">{\"@context\":\"https:\/\/schema.org\",\"@graph\":[{\"@type\":\"WebPage\",\"@id\":\"https:\/\/veroniquebunner.immo\/?page_id=1099\",\"url\":\"https:\/\/veroniquebunner.immo\/?page_id=1099\",\"name\":\"Mentions L\u00e9gales - Veroniquebunner.immo\",\"isPartOf\":{\"@id\":\"http:\/\/veroniquebunner.immo\/#website\"},\"datePublished\":\"2020-09-14T16:02:14+00:00\",\"dateModified\":\"2024-02-23T08:35:15+00:00\",\"description\":\"Consultez les mentions l\u00e9gales de V\u00e9ronique Bunner, votre experte immobili\u00e8re, pour en savoir plus sur nos services d'estimations, visites virtuelles et \u00e9tudes en viager en toute transparence.\",\"breadcrumb\":{\"@id\":\"https:\/\/veroniquebunner.immo\/?page_id=1099#breadcrumb\"},\"inLanguage\":\"fr-FR\",\"potentialAction\":[{\"@type\":\"ReadAction\",\"target\":[\"https:\/\/veroniquebunner.immo\/?page_id=1099\"]}]},{\"@type\":\"BreadcrumbList\",\"@id\":\"https:\/\/veroniquebunner.immo\/?page_id=1099#breadcrumb\",\"itemListElement\":[{\"@type\":\"ListItem\",\"position\":1,\"name\":\"Accueil\",\"item\":\"https:\/\/veroniquebunner.immo\/\"},{\"@type\":\"ListItem\",\"position\":2,\"name\":\"Mentions L\u00e9gales\"}]},{\"@type\":\"WebSite\",\"@id\":\"http:\/\/veroniquebunner.immo\/#website\",\"url\":\"http:\/\/veroniquebunner.immo\/\",\"name\":\"Veroniquebunner.immo\",\"description\":\"\",\"potentialAction\":[{\"@type\":\"SearchAction\",\"target\":{\"@type\":\"EntryPoint\",\"urlTemplate\":\"http:\/\/veroniquebunner.immo\/?s={search_term_string}\"},\"query-input\":{\"@type\":\"PropertyValueSpecification\",\"valueRequired\":true,\"valueName\":\"search_term_string\"}}],\"inLanguage\":\"fr-FR\"}]}<\/script>\n<!-- \/ Yoast SEO Premium plugin. -->","yoast_head_json":{"title":"Mentions L\u00e9gales - Veroniquebunner.immo","description":"Consultez les mentions l\u00e9gales de V\u00e9ronique Bunner, votre experte immobili\u00e8re, pour en savoir plus sur nos services d'estimations, visites virtuelles et \u00e9tudes en viager en toute transparence.","robots":{"index":"index","follow":"follow","max-snippet":"max-snippet:-1","max-image-preview":"max-image-preview:large","max-video-preview":"max-video-preview:-1"},"canonical":"https:\/\/veroniquebunner.immo\/?page_id=1099","og_locale":"fr_FR","og_type":"article","og_title":"Mentions L\u00e9gales","og_description":"Consultez les mentions l\u00e9gales de V\u00e9ronique Bunner, votre experte immobili\u00e8re, pour en savoir plus sur nos services d'estimations, visites virtuelles et \u00e9tudes en viager en toute transparence.","og_url":"https:\/\/veroniquebunner.immo\/?page_id=1099","og_site_name":"Veroniquebunner.immo","article_modified_time":"2024-02-23T08:35:15+00:00","twitter_card":"summary_large_image","twitter_misc":{"Dur\u00e9e de lecture estim\u00e9e":"1 minute"},"schema":{"@context":"https:\/\/schema.org","@graph":[{"@type":"WebPage","@id":"https:\/\/veroniquebunner.immo\/?page_id=1099","url":"https:\/\/veroniquebunner.immo\/?page_id=1099","name":"Mentions L\u00e9gales - Veroniquebunner.immo","isPartOf":{"@id":"http:\/\/veroniquebunner.immo\/#website"},"datePublished":"2020-09-14T16:02:14+00:00","dateModified":"2024-02-23T08:35:15+00:00","description":"Consultez les mentions l\u00e9gales de V\u00e9ronique Bunner, votre experte immobili\u00e8re, pour en savoir plus sur nos services d'estimations, visites virtuelles et \u00e9tudes en viager en toute transparence.","breadcrumb":{"@id":"https:\/\/veroniquebunner.immo\/?page_id=1099#breadcrumb"},"inLanguage":"fr-FR","potentialAction":[{"@type":"ReadAction","target":["https:\/\/veroniquebunner.immo\/?page_id=1099"]}]},{"@type":"BreadcrumbList","@id":"https:\/\/veroniquebunner.immo\/?page_id=1099#breadcrumb","itemListElement":[{"@type":"ListItem","position":1,"name":"Accueil","item":"https:\/\/veroniquebunner.immo\/"},{"@type":"ListItem","position":2,"name":"Mentions L\u00e9gales"}]},{"@type":"WebSite","@id":"http:\/\/veroniquebunner.immo\/#website","url":"http:\/\/veroniquebunner.immo\/","name":"Veroniquebunner.immo","description":"","potentialAction":[{"@type":"SearchAction","target":{"@type":"EntryPoint","urlTemplate":"http:\/\/veroniquebunner.immo\/?s={search_term_string}"},"query-input":{"@type":"PropertyValueSpecification","valueRequired":true,"valueName":"search_term_string"}}],"inLanguage":"fr-FR"}]}},"jetpack_sharing_enabled":true,"_links":{"self":[{"href":"http:\/\/veroniquebunner.immo\/index.php?rest_route=\/wp\/v2\/pages\/1099","targetHints":{"allow":["GET"]}}],"collection":[{"href":"http:\/\/veroniquebunner.immo\/index.php?rest_route=\/wp\/v2\/pages"}],"about":[{"href":"http:\/\/veroniquebunner.immo\/index.php?rest_route=\/wp\/v2\/types\/page"}],"author":[{"embeddable":true,"href":"http:\/\/veroniquebunner.immo\/index.php?rest_route=\/wp\/v2\/users\/1"}],"replies":[{"embeddable":true,"href":"http:\/\/veroniquebunner.immo\/index.php?rest_route=%2Fwp%2Fv2%2Fcomments&post=1099"}],"version-history":[{"count":3,"href":"http:\/\/veroniquebunner.immo\/index.php?rest_route=\/wp\/v2\/pages\/1099\/revisions"}],"predecessor-version":[{"id":2461,"href":"http:\/\/veroniquebunner.immo\/index.php?rest_route=\/wp\/v2\/pages\/1099\/revisions\/2461"}],"wp:attachment":[{"href":"http:\/\/veroniquebunner.immo\/index.php?rest_route=%2Fwp%2Fv2%2Fmedia&parent=1099"}],"curies":[{"name":"wp","href":"https:\/\/api.w.org\/{rel}","templated":true}]}}